{"id":3189,"date":"2025-08-25T16:53:03","date_gmt":"2025-08-25T19:53:03","guid":{"rendered":"https:\/\/motosportmagdalena.com.ar\/?post_type=product&#038;p=3189"},"modified":"2026-04-26T00:12:04","modified_gmt":"2026-04-26T03:12:04","slug":"restauraciones-especiales","status":"publish","type":"product","link":"https:\/\/motosportmagdalena.com.ar\/index.php\/product\/restauraciones-especiales\/","title":{"rendered":"Restauraciones especiales"},"content":{"rendered":"<p data-start=\"172\" data-end=\"230\">\ud83c\udfcd\ufe0f <strong data-start=\"176\" data-end=\"228\">\u00a1Devolv\u00e9le la vida a tu moto de carrera antigua!<\/strong><\/p>\n<p data-start=\"232\" data-end=\"551\">En <strong data-start=\"235\" data-end=\"258\">Motosport Magdalena<\/strong> hacemos <strong data-start=\"267\" data-end=\"296\">restauraciones especiales<\/strong> con la pasi\u00f3n y el detalle que tu moto cl\u00e1sica merece:<\/p>\n<p data-start=\"232\" data-end=\"551\"><br data-start=\"351\" data-end=\"354\" \/>\ud83d\udd27 Reconstrucci\u00f3n de motores de competici\u00f3n<br data-start=\"397\" data-end=\"400\" \/>\ud83c\udfa8 Pintura original y reacondicionamiento de chasis<br data-start=\"451\" data-end=\"454\" \/>\ud83d\udee0\ufe0f Recuperaci\u00f3n de piezas dif\u00edciles de conseguir<br data-start=\"503\" data-end=\"506\" \/>\u2728 Restauraciones completas y personalizadas<\/p>\n<p data-start=\"553\" data-end=\"661\">\ud83d\udea6 Cada proyecto es \u00fanico, pensado para que tu moto vuelva a brillar como en sus mejores tiempos de pista.<\/p>\n<p data-start=\"663\" data-end=\"770\">\ud83d\udccd Encontranos en Magdalena<\/p>\n<p data-start=\"663\" data-end=\"770\">\ud83d\udcf2 Consultanos por WhatsApp y empez\u00e1 tu proyecto de restauraci\u00f3n hoy mismo.<\/p>\n<p data-start=\"772\" data-end=\"858\">\ud83d\udc49 <strong data-start=\"775\" data-end=\"856\">Motosport Magdalena \u2013 Restauraciones de motos cl\u00e1sicas con pasi\u00f3n y precisi\u00f3n<\/strong><\/p>\n","protected":false},"excerpt":{"rendered":"<p data-start=\"351\" data-end=\"406\">\ud83c\udfcd\ufe0f <strong data-start=\"176\" data-end=\"228\">\u00a1Devolv\u00e9le la vida a tu moto de carrera antigua!<\/strong><\/p>\n","protected":false},"featured_media":3215,"comment_status":"open","ping_status":"closed","template":"","meta":[],"product_brand":[],"product_cat":[49],"product_tag":[53,52,54,51,50],"class_list":{"0":"post-3189","1":"product","2":"type-product","3":"status-publish","4":"has-post-thumbnail","6":"product_cat-restauraciones","7":"product_tag-construccion-desde-cero","8":"product_tag-motores","9":"product_tag-motos-antiguas","10":"product_tag-motos-de-carrera","11":"product_tag-restauraciones","13":"first","14":"instock","15":"featured","16":"shipping-taxable","17":"product-type-simple"},"_links":{"self":[{"href":"https:\/\/motosportmagdalena.com.ar\/index.php\/wp-json\/wp\/v2\/product\/3189","targetHints":{"allow":["GET"]}}],"collection":[{"href":"https:\/\/motosportmagdalena.com.ar\/index.php\/wp-json\/wp\/v2\/product"}],"about":[{"href":"https:\/\/motosportmagdalena.com.ar\/index.php\/wp-json\/wp\/v2\/types\/product"}],"replies":[{"embeddable":true,"href":"https:\/\/motosportmagdalena.com.ar\/index.php\/wp-json\/wp\/v2\/comments?post=3189"}],"wp:featuredmedia":[{"embeddable":true,"href":"https:\/\/motosportmagdalena.com.ar\/index.php\/wp-json\/wp\/v2\/media\/3215"}],"wp:attachment":[{"href":"https:\/\/motosportmagdalena.com.ar\/index.php\/wp-json\/wp\/v2\/media?parent=3189"}],"wp:term":[{"taxonomy":"product_brand","embeddable":true,"href":"https:\/\/motosportmagdalena.com.ar\/index.php\/wp-json\/wp\/v2\/product_brand?post=3189"},{"taxonomy":"product_cat","embeddable":true,"href":"https:\/\/motosportmagdalena.com.ar\/index.php\/wp-json\/wp\/v2\/product_cat?post=3189"},{"taxonomy":"product_tag","embeddable":true,"href":"https:\/\/motosportmagdalena.com.ar\/index.php\/wp-json\/wp\/v2\/product_tag?post=3189"}],"curies":[{"name":"wp","href":"https:\/\/api.w.org\/{rel}","templated":true}]}}